{"id":1045,"date":"2022-11-28T13:59:35","date_gmt":"2022-11-28T12:59:35","guid":{"rendered":"https:\/\/www.glanzmitu.de\/wordpress\/?page_id=1045"},"modified":"2022-12-23T17:12:06","modified_gmt":"2022-12-23T16:12:06","slug":"impressum","status":"publish","type":"page","link":"https:\/\/www.glanzmitu.de\/wordpress\/impressum\/","title":{"rendered":"Impressum"},"content":{"rendered":"<div class=\"fusion-fullwidth fullwidth-box fusion-builder-row-1 fusion-flex-container has-pattern-background has-mask-background nonhundred-percent-fullwidth non-hundred-percent-height-scrolling\" style=\"background-color: rgba(255,255,255,0);background-position: center center;background-repeat: no-repeat;border-width: 0px 0px 0px 0px;border-color:var(--awb-color3);border-style:solid;\" ><div class=\"fusion-builder-row fusion-row fusion-flex-align-items-flex-start\" style=\"max-width:96.72%;margin-left: calc(-4% \/ 2 );margin-right: calc(-4% \/ 2 );\"><div class=\"fusion-layout-column fusion_builder_column fusion-builder-column-0 fusion_builder_column_1_1 1_1 fusion-flex-column\"><div class=\"fusion-column-wrapper fusion-flex-justify-content-flex-start fusion-content-layout-column\" style=\"background-position:left top;background-repeat:no-repeat;-webkit-background-size:cover;-moz-background-size:cover;-o-background-size:cover;background-size:cover;padding: 0px 0px 0px 0px;\"><style type=\"text\/css\">@media only screen and (max-width:1024px) {.fusion-title.fusion-title-1{margin-top:0px!important; margin-right:0px!important;margin-bottom:31px!important;margin-left:0px!important;}}@media only screen and (max-width:640px) {.fusion-title.fusion-title-1{margin-top:0px!important; margin-right:0px!important;margin-bottom:20px!important; margin-left:0px!important;}}<\/style><div class=\"fusion-title title fusion-title-1 fusion-no-small-visibility fusion-sep-none fusion-title-text fusion-title-size-one\" style=\"font-size:80px;margin-top:0px;margin-right:0px;margin-bottom:31px;margin-left:0px;\"><h1 class=\"title-heading-left\" style=\"font-family:-apple-system, BlinkMacSystemFont, &#039;Segoe UI&#039;, Roboto, Oxygen-Sans, Ubuntu, Cantarell, &#039;Helvetica Neue&#039; ,sans-serif;font-weight:400;margin:0;font-size:1em;line-height:1.15;\">Impressum<\/h1><\/div><style type=\"text\/css\">@media only screen and (max-width:1024px) {.fusion-title.fusion-title-2{margin-top:0px!important; margin-right:0px!important;margin-bottom:31px!important;margin-left:0px!important;}}@media only screen and (max-width:640px) {.fusion-title.fusion-title-2{margin-top:0px!important; margin-right:0px!important;margin-bottom:20px!important; margin-left:0px!important;}}<\/style><div class=\"fusion-title title fusion-title-2 fusion-no-medium-visibility fusion-no-large-visibility fusion-sep-none fusion-title-text fusion-title-size-one\" style=\"font-size:48px;margin-top:0px;margin-right:0px;margin-bottom:31px;margin-left:0px;\"><h1 class=\"title-heading-left\" style=\"font-family:-apple-system, BlinkMacSystemFont, &#039;Segoe UI&#039;, Roboto, Oxygen-Sans, Ubuntu, Cantarell, &#039;Helvetica Neue&#039; ,sans-serif;font-weight:400;margin:0;font-size:1em;line-height:1.15;\">Impressum<\/h1><\/div><div class=\"fusion-text fusion-text-1\"><p><strong>F\u00fcr den Inhalt dieser Webseite verantwortlich:<\/strong><\/p>\n<p>Andreas Glunz<br \/>\nFreiburgerstr.\u00a07<br \/>\n79211 Denzlingen<\/p>\n<p><strong>Fotos und Anpassung des Avada-Theme-Layouts:<\/strong><\/p>\n<p>Andreas Glunz<\/p>\n<\/div><style type=\"text\/css\">@media only screen and (max-width:1024px) {.fusion-title.fusion-title-3{margin-top:0px!important; margin-right:0px!important;margin-bottom:31px!important;margin-left:0px!important;}}@media only screen and (max-width:640px) {.fusion-title.fusion-title-3{margin-top:0px!important; margin-right:0px!important;margin-bottom:20px!important; margin-left:0px!important;}}<\/style><div class=\"fusion-title title fusion-title-3 fusion-no-small-visibility fusion-sep-none fusion-title-text fusion-title-size-three\" style=\"font-size:72px;margin-top:0px;margin-right:0px;margin-bottom:31px;margin-left:0px;\"><h3 class=\"title-heading-left\" style=\"font-family:-apple-system, BlinkMacSystemFont, &#039;Segoe UI&#039;, Roboto, Oxygen-Sans, Ubuntu, Cantarell, &#039;Helvetica Neue&#039; ,sans-serif;font-weight:400;margin:0;font-size:1em;line-height:1.15;\">Disclaimer \/ Haftungsausschluss<\/h3><\/div><style type=\"text\/css\">@media only screen and (max-width:1024px) {.fusion-title.fusion-title-4{margin-top:0px!important; margin-right:0px!important;margin-bottom:31px!important;margin-left:0px!important;}}@media only screen and (max-width:640px) {.fusion-title.fusion-title-4{margin-top:0px!important; margin-right:0px!important;margin-bottom:20px!important; margin-left:0px!important;}}<\/style><div class=\"fusion-title title fusion-title-4 fusion-no-medium-visibility fusion-no-large-visibility fusion-sep-none fusion-title-text fusion-title-size-three\" style=\"font-size:36px;margin-top:0px;margin-right:0px;margin-bottom:31px;margin-left:0px;\"><h3 class=\"title-heading-left\" style=\"font-family:-apple-system, BlinkMacSystemFont, &#039;Segoe UI&#039;, Roboto, Oxygen-Sans, Ubuntu, Cantarell, &#039;Helvetica Neue&#039; ,sans-serif;font-weight:400;margin:0;font-size:1em;line-height:1.15;\">Disclaimer \/ Haftungsausschluss<\/h3><\/div><div class=\"fusion-text fusion-text-2\"><p><strong>Haftung f\u00fcr Inhalte<\/strong><\/p>\n<p>Die Inhalte unserer Seiten wurden mit gr\u00f6\u00dfter Sorgfalt erstellt. F\u00fcr die Richtigkeit, Vollst\u00e4ndigkeit und Aktualit\u00e4t der Inhalte k\u00f6nnen wir jedoch keine Gew\u00e4hr \u00fcbernehmen. Als Diensteanbieter sind wir gem\u00e4\u00df \u00a7 7 Abs.1 TMG f\u00fcr eigene Inhalte auf diesen Seiten nach den allgemeinen Gesetzen verantwortlich. Nach \u00a7\u00a7 8 bis 10 TMG sind wir als Diensteanbieter jedoch nicht verpflichtet, \u00fcbermittelte oder gespeicherte fremde Informationen zu \u00fcberwachen oder nach Umst\u00e4nden zu forschen, die auf eine rechtswidrige T\u00e4tigkeit hinweisen. Verpflichtungen zur Entfernung oder Sperrung der Nutzung von Informationen nach den allgemeinen Gesetzen bleiben hiervon unber\u00fchrt. Eine diesbez\u00fcgliche Haftung ist jedoch erst ab dem Zeitpunkt der Kenntnis einer konkreten Rechtsverletzung m\u00f6glich. Bei Bekanntwerden von entsprechenden Rechtsverletzungen werden wir diese Inhalte umgehend entfernen.<\/p>\n<\/div><style type=\"text\/css\">@media only screen and (max-width:1024px) {.fusion-title.fusion-title-5{margin-top:0px!important; margin-right:0px!important;margin-bottom:31px!important;margin-left:0px!important;}}@media only screen and (max-width:640px) {.fusion-title.fusion-title-5{margin-top:0px!important; margin-right:0px!important;margin-bottom:20px!important; margin-left:0px!important;}}<\/style><div class=\"fusion-title title fusion-title-5 fusion-no-small-visibility fusion-sep-none fusion-title-text fusion-title-size-three\" style=\"font-size:72px;margin-top:0px;margin-right:0px;margin-bottom:31px;margin-left:0px;\"><h3 class=\"title-heading-left\" style=\"font-family:-apple-system, BlinkMacSystemFont, &#039;Segoe UI&#039;, Roboto, Oxygen-Sans, Ubuntu, Cantarell, &#039;Helvetica Neue&#039; ,sans-serif;font-weight:400;margin:0;font-size:1em;line-height:1.15;\">Schutzrechte\/ Urheberrechte<\/h3><\/div><style type=\"text\/css\">@media only screen and (max-width:1024px) {.fusion-title.fusion-title-6{margin-top:0px!important; margin-right:0px!important;margin-bottom:31px!important;margin-left:0px!important;}}@media only screen and (max-width:640px) {.fusion-title.fusion-title-6{margin-top:0px!important; margin-right:0px!important;margin-bottom:20px!important; margin-left:0px!important;}}<\/style><div class=\"fusion-title title fusion-title-6 fusion-no-medium-visibility fusion-no-large-visibility fusion-sep-none fusion-title-text fusion-title-size-three\" style=\"font-size:36px;margin-top:0px;margin-right:0px;margin-bottom:31px;margin-left:0px;\"><h3 class=\"title-heading-left\" style=\"font-family:-apple-system, BlinkMacSystemFont, &#039;Segoe UI&#039;, Roboto, Oxygen-Sans, Ubuntu, Cantarell, &#039;Helvetica Neue&#039; ,sans-serif;font-weight:400;margin:0;font-size:1em;line-height:1.15;\">Schutzrechte\/ Urheberrechte<\/h3><\/div><div class=\"fusion-text fusion-text-3\"><p>Die durch die Seitenbetreiber erstellten Inhalte und Werke auf diesen Seiten unterliegen dem deutschen Urheberrecht. Die Vervielf\u00e4ltigung, Bearbeitung, Verbreitung und jede Art der Verwertung au\u00dferhalb der Grenzen des Urheberrechtes bed\u00fcrfen der schriftlichen Zustimmung des jeweiligen Autors bzw. Erstellers. Downloads und Kopien dieser Seite sind nur f\u00fcr den privaten, nicht kommerziellen Gebrauch gestattet. Soweit die Inhalte auf dieser Seite nicht vom Betreiber erstellt wurden, werden die Urheberrechte Dritter beachtet. Insbesondere werden Inhalte Dritter als solche gekennzeichnet. Sollten Sie trotzdem auf eine Urheberrechtsverletzung aufmerksam werden, bitten wir um einen entsprechenden Hinweis. Bei Bekanntwerden von Rechtsverletzungen werden wir derartige Inhalte umgehend entfernen.<\/p>\n<p>Die Darstellung dieser Website in fremden Frames ist nur mit schriftlicher Erlaubnis zul\u00e4ssig.<\/p>\n<p>Quelle: e-recht24.de<\/p>\n<\/div><\/div><style type=\"text\/css\">.fusion-body .fusion-builder-column-0{width:100% !important;margin-top : 0px;margin-bottom : 0px;}.fusion-builder-column-0 > .fusion-column-wrapper {padding-top : 0px !important;padding-right : 0px !important;margin-right : 1.92%;padding-bottom : 0px !important;padding-left : 0px !important;margin-left : 1.92%;}@media only screen and (max-width:1024px) {.fusion-body .fusion-builder-column-0{width:100% !important;order : 0;}.fusion-builder-column-0 > .fusion-column-wrapper {margin-right : 1.92%;margin-left : 1.92%;}}@media only screen and (max-width:640px) {.fusion-body .fusion-builder-column-0{width:100% !important;order : 0;}.fusion-builder-column-0 > .fusion-column-wrapper {margin-right : 1.92%;margin-left : 1.92%;}}<\/style><\/div><\/div><style type=\"text\/css\">.fusion-body .fusion-flex-container.fusion-builder-row-1{ padding-top : 0px;margin-top : 0px;padding-right : 0px;padding-bottom : 0px;margin-bottom : 0px;padding-left : 0px;}<\/style><\/div>\n","protected":false},"excerpt":{"rendered":"","protected":false},"author":1,"featured_media":0,"parent":0,"menu_order":0,"comment_status":"closed","ping_status":"closed","template":"100-width.php","meta":[],"yoast_head":"<!-- This site is optimized with the Yoast SEO plugin v19.13 - https:\/\/yoast.com\/wordpress\/plugins\/seo\/ -->\n<title>Impressum - glanzmitu - lass uns sch\u00f6ne Fotos machen<\/title>\n<meta name=\"robots\" content=\"index, follow, max-snippet:-1, max-image-preview:large, max-video-preview:-1\" \/>\n<link rel=\"canonical\" href=\"https:\/\/www.glanzmitu.de\/wordpress\/impressum\/\" \/>\n<meta property=\"og:locale\" content=\"de_DE\" \/>\n<meta property=\"og:type\" content=\"article\" \/>\n<meta property=\"og:title\" content=\"Impressum - glanzmitu - lass uns sch\u00f6ne Fotos machen\" \/>\n<meta property=\"og:url\" content=\"https:\/\/www.glanzmitu.de\/wordpress\/impressum\/\" \/>\n<meta property=\"og:site_name\" content=\"glanzmitu - lass uns sch\u00f6ne Fotos machen\" \/>\n<meta property=\"article:modified_time\" content=\"2022-12-23T16:12:06+00:00\" \/>\n<meta name=\"twitter:card\" content=\"summary_large_image\" \/>\n<meta name=\"twitter:label1\" content=\"Gesch\u00e4tzte Lesezeit\" \/>\n\t<meta name=\"twitter:data1\" content=\"7\u00a0Minuten\" \/>\n<script type=\"application\/ld+json\" class=\"yoast-schema-graph\">{\"@context\":\"https:\/\/schema.org\",\"@graph\":[{\"@type\":\"WebPage\",\"@id\":\"https:\/\/www.glanzmitu.de\/wordpress\/impressum\/\",\"url\":\"https:\/\/www.glanzmitu.de\/wordpress\/impressum\/\",\"name\":\"Impressum - glanzmitu - lass uns sch\u00f6ne Fotos machen\",\"isPartOf\":{\"@id\":\"https:\/\/www.glanzmitu.de\/wordpress\/#website\"},\"datePublished\":\"2022-11-28T12:59:35+00:00\",\"dateModified\":\"2022-12-23T16:12:06+00:00\",\"breadcrumb\":{\"@id\":\"https:\/\/www.glanzmitu.de\/wordpress\/impressum\/#breadcrumb\"},\"inLanguage\":\"de\",\"potentialAction\":[{\"@type\":\"ReadAction\",\"target\":[\"https:\/\/www.glanzmitu.de\/wordpress\/impressum\/\"]}]},{\"@type\":\"BreadcrumbList\",\"@id\":\"https:\/\/www.glanzmitu.de\/wordpress\/impressum\/#breadcrumb\",\"itemListElement\":[{\"@type\":\"ListItem\",\"position\":1,\"name\":\"Startseite\",\"item\":\"https:\/\/www.glanzmitu.de\/wordpress\/\"},{\"@type\":\"ListItem\",\"position\":2,\"name\":\"Impressum\"}]},{\"@type\":\"WebSite\",\"@id\":\"https:\/\/www.glanzmitu.de\/wordpress\/#website\",\"url\":\"https:\/\/www.glanzmitu.de\/wordpress\/\",\"name\":\"glanzmitu - lass uns sch\u00f6ne Fotos machen\",\"description\":\"Portraits, die ich alle selbst fotografiert habe\",\"potentialAction\":[{\"@type\":\"SearchAction\",\"target\":{\"@type\":\"EntryPoint\",\"urlTemplate\":\"https:\/\/www.glanzmitu.de\/wordpress\/?s={search_term_string}\"},\"query-input\":\"required name=search_term_string\"}],\"inLanguage\":\"de\"}]}<\/script>\n<!-- \/ Yoast SEO plugin. -->","yoast_head_json":{"title":"Impressum - glanzmitu - lass uns sch\u00f6ne Fotos machen","robots":{"index":"index","follow":"follow","max-snippet":"max-snippet:-1","max-image-preview":"max-image-preview:large","max-video-preview":"max-video-preview:-1"},"canonical":"https:\/\/www.glanzmitu.de\/wordpress\/impressum\/","og_locale":"de_DE","og_type":"article","og_title":"Impressum - glanzmitu - lass uns sch\u00f6ne Fotos machen","og_url":"https:\/\/www.glanzmitu.de\/wordpress\/impressum\/","og_site_name":"glanzmitu - lass uns sch\u00f6ne Fotos machen","article_modified_time":"2022-12-23T16:12:06+00:00","twitter_card":"summary_large_image","twitter_misc":{"Gesch\u00e4tzte Lesezeit":"7\u00a0Minuten"},"schema":{"@context":"https:\/\/schema.org","@graph":[{"@type":"WebPage","@id":"https:\/\/www.glanzmitu.de\/wordpress\/impressum\/","url":"https:\/\/www.glanzmitu.de\/wordpress\/impressum\/","name":"Impressum - glanzmitu - lass uns sch\u00f6ne Fotos machen","isPartOf":{"@id":"https:\/\/www.glanzmitu.de\/wordpress\/#website"},"datePublished":"2022-11-28T12:59:35+00:00","dateModified":"2022-12-23T16:12:06+00:00","breadcrumb":{"@id":"https:\/\/www.glanzmitu.de\/wordpress\/impressum\/#breadcrumb"},"inLanguage":"de","potentialAction":[{"@type":"ReadAction","target":["https:\/\/www.glanzmitu.de\/wordpress\/impressum\/"]}]},{"@type":"BreadcrumbList","@id":"https:\/\/www.glanzmitu.de\/wordpress\/impressum\/#breadcrumb","itemListElement":[{"@type":"ListItem","position":1,"name":"Startseite","item":"https:\/\/www.glanzmitu.de\/wordpress\/"},{"@type":"ListItem","position":2,"name":"Impressum"}]},{"@type":"WebSite","@id":"https:\/\/www.glanzmitu.de\/wordpress\/#website","url":"https:\/\/www.glanzmitu.de\/wordpress\/","name":"glanzmitu - lass uns sch\u00f6ne Fotos machen","description":"Portraits, die ich alle selbst fotografiert habe","potentialAction":[{"@type":"SearchAction","target":{"@type":"EntryPoint","urlTemplate":"https:\/\/www.glanzmitu.de\/wordpress\/?s={search_term_string}"},"query-input":"required name=search_term_string"}],"inLanguage":"de"}]}},"_links":{"self":[{"href":"https:\/\/www.glanzmitu.de\/wordpress\/wp-json\/wp\/v2\/pages\/1045"}],"collection":[{"href":"https:\/\/www.glanzmitu.de\/wordpress\/wp-json\/wp\/v2\/pages"}],"about":[{"href":"https:\/\/www.glanzmitu.de\/wordpress\/wp-json\/wp\/v2\/types\/page"}],"author":[{"embeddable":true,"href":"https:\/\/www.glanzmitu.de\/wordpress\/wp-json\/wp\/v2\/users\/1"}],"replies":[{"embeddable":true,"href":"https:\/\/www.glanzmitu.de\/wordpress\/wp-json\/wp\/v2\/comments?post=1045"}],"version-history":[{"count":11,"href":"https:\/\/www.glanzmitu.de\/wordpress\/wp-json\/wp\/v2\/pages\/1045\/revisions"}],"predecessor-version":[{"id":1199,"href":"https:\/\/www.glanzmitu.de\/wordpress\/wp-json\/wp\/v2\/pages\/1045\/revisions\/1199"}],"wp:attachment":[{"href":"https:\/\/www.glanzmitu.de\/wordpress\/wp-json\/wp\/v2\/media?parent=1045"}],"curies":[{"name":"wp","href":"https:\/\/api.w.org\/{rel}","templated":true}]}}